{"id":3424,"date":"2024-03-13T22:43:32","date_gmt":"2024-03-13T22:43:32","guid":{"rendered":"https:\/\/cremecaviarshoes.com\/?page_id=3424"},"modified":"2024-09-25T00:05:05","modified_gmt":"2024-09-25T00:05:05","slug":"home","status":"publish","type":"page","link":"https:\/\/cremecaviarshoes.com\/en\/","title":{"rendered":"Home"},"content":{"rendered":"","protected":false},"excerpt":{"rendered":"","protected":false},"author":1,"featured_media":0,"parent":0,"menu_order":0,"comment_status":"closed","ping_status":"closed","template":"","meta":{"_acf_changed":false,"footnotes":""},"class_list":["post-3424","page","type-page","status-publish","hentry"],"acf":{"blocks":[{"acf_fc_layout":"hero_block","desktop_image":3808,"mobile_image":3806},{"acf_fc_layout":"subtitle_title_text_block","subtitle":"About","title":" Creating the Perfect Balance Between Beauty and Comfort","body_group":{"body":"Cr\u00e8me Caviar is a Portuguese brand, created for women and is aimed at the new consumption patterns: customization.\r\n\r\nThe brand offers a range of customizable styles, that can be worn on unique occasions, like your wedding, ceremonies, special parties or in your day-to-day.\r\n\r\nThe customization allows you to change colours, materials and the heel height within the range of styles the collection provides. You can also customize the sole and insole, as well as adding or removing ornaments.<span class=\"Apple-converted-space\">\u00a0<\/span>\r\n\r\nEach and every detail is chosen by the client, with the guidance of the brand\u2019s creative team.<span class=\"Apple-converted-space\">\u00a0<\/span>","columns":2,"call_to_action":{"title":"Read More","url":"\/en\/about\/","target":""}}},{"acf_fc_layout":"carousel_block","carousel":[{"image":3828,"description":""},{"image":3826,"description":""},{"image":3832,"description":""},{"image":3840,"description":""}]},{"acf_fc_layout":"subtitle_title_text_block","subtitle":"Collection ","title":"All Because Two People Fell in Love","body_group":{"body":"The collection presents different styles that can the customized.<span class=\"Apple-converted-space\">\u00a0<\/span>\r\n\r\nThe choice of colours, materials, as well as the heel height and customization of the sole and insole, allows each pair to be a part of the person who is wearing them.\r\n\r\nEach pair can become perfect and unique.<span class=\"Apple-converted-space\">\u00a0<\/span>","columns":"","call_to_action":""}},{"acf_fc_layout":"products_block","limit":6,"button_redirect_to_products":true,"filter":"bespoke"},{"acf_fc_layout":"call_to_action_block","title":"Can\u2019t Chose?","body":"Schedule a visit to our <i>atelier<\/i> to see all the suggestions we have for you and try them on.\r\n\r\n&nbsp;","link":{"title":"Contact Us","url":"\/en\/contacts\/","target":""}},{"acf_fc_layout":"subtitle_title_text_block","subtitle":"My Perfect Pair","title":"Aware of Every Detail","body_group":{"body":"Get inspired!<span class=\"Apple-converted-space\">\u00a0<\/span>\r\n\r\nHere you can explore some customizations created by our beloved clients!","columns":"","call_to_action":{"title":"Read More","url":"\/en\/my-perfect-pair\/","target":""}}},{"acf_fc_layout":"carousel_block","carousel":[{"image":3812,"description":""},{"image":3814,"description":""},{"image":3810,"description":""},{"image":3821,"description":""}]},{"acf_fc_layout":"testimonials_block","small_title":"Testimonials","title":"What do our clients say about us","call_to_action":"","testimonials":[{"picture":"","name":"Marlene A.","title":" recommend it 100%","body":"It was a long journey to find the shoes I wanted for the big day, but as soon as I walked into Cr\u00e8me Caviar, I knew I wouldn\u2019t leave without my princess shoes! I recommend them 100%! They are super comfortable, elegant, and the best part is, they\u2019re not just another pair of shoes to stay in the closet \u2013 I keep wearing them!"},{"picture":"","name":"Ana O. ","title":"Super comfortable","body":"The shoes turned out beautifully, just as I had envisioned. Super comfortable, lightweight\u2026 Thank you!"},{"picture":"","name":"Patr\u00edcia C.","title":"Custom-made and comfortable shoes","body":"I ordered my shoes at the end of 2022 without looking at any other store, even though my wedding was in 2024. The model I wanted had already been discontinued, but they managed to adapt it to a model they have. They turned out amazing. I wore them all day and most of the night, jumping, skipping, dancing\u2026 with a 10.5 cm heel. I highly recommend!"},{"picture":"","name":"Marieta R.","title":"Maximum Comfort","body":"Porque os sapatos do nosso casamento, para al\u00e9m de maravilhosos t\u00eam de ser confort\u00e1veis!\r\nBecause our wedding shoes, besides being beautiful, must also be comfortable! At Cr\u00e8me Caviar, I found the perfect pair!! In this store, I was able to choose the best fit for my feet, the type of heel, the colors, the trims\u2026 everything personalized. They turned out simply gorgeous, thank you, Ana!"}]}]},"_links":{"self":[{"href":"https:\/\/cremecaviarshoes.com\/en\/wp-json\/wp\/v2\/pages\/3424","targetHints":{"allow":["GET"]}}],"collection":[{"href":"https:\/\/cremecaviarshoes.com\/en\/wp-json\/wp\/v2\/pages"}],"about":[{"href":"https:\/\/cremecaviarshoes.com\/en\/wp-json\/wp\/v2\/types\/page"}],"author":[{"embeddable":true,"href":"https:\/\/cremecaviarshoes.com\/en\/wp-json\/wp\/v2\/users\/1"}],"replies":[{"embeddable":true,"href":"https:\/\/cremecaviarshoes.com\/en\/wp-json\/wp\/v2\/comments?post=3424"}],"version-history":[{"count":6,"href":"https:\/\/cremecaviarshoes.com\/en\/wp-json\/wp\/v2\/pages\/3424\/revisions"}],"predecessor-version":[{"id":3523,"href":"https:\/\/cremecaviarshoes.com\/en\/wp-json\/wp\/v2\/pages\/3424\/revisions\/3523"}],"wp:attachment":[{"href":"https:\/\/cremecaviarshoes.com\/en\/wp-json\/wp\/v2\/media?parent=3424"}],"curies":[{"name":"wp","href":"https:\/\/api.w.org\/{rel}","templated":true}]}}