{"id":3439,"date":"2024-04-03T21:51:01","date_gmt":"2024-04-03T21:51:01","guid":{"rendered":"https:\/\/cremecaviarshoes.com\/?page_id=3439"},"modified":"2024-09-24T22:51:03","modified_gmt":"2024-09-24T22:51:03","slug":"contacts","status":"publish","type":"page","link":"https:\/\/cremecaviarshoes.com\/en\/contacts\/","title":{"rendered":"Contact"},"content":{"rendered":"","protected":false},"excerpt":{"rendered":"","protected":false},"author":3,"featured_media":0,"parent":0,"menu_order":0,"comment_status":"closed","ping_status":"closed","template":"","meta":{"_acf_changed":false,"footnotes":""},"class_list":["post-3439","page","type-page","status-publish","hentry"],"acf":{"blocks":[{"acf_fc_layout":"text_block","body":"Cr\u00e8me Caviar has an open agenda for appointments only, in Santa Maria da Feira and Lisbon. Appointments must be made via e-mail, form filling, social media or telephone.<span class=\"Apple-converted-space\">\u00a0<\/span>\r\n\r\nAll entries must be filled in."},{"acf_fc_layout":"map_block","location":{"address":"Cr\u00e8me Caviar Shoes, Rua Cati\u00f3, Santa Maria da Feira, Portugal","lat":40.92889410000000083300619735382497310638427734375,"lng":-8.5561820999999991244067132356576621532440185546875,"zoom":18,"place_id":"ChIJ84ZhESuBIw0RGCxjv2_80pI","name":"Cr\u00e8me Caviar Shoes","street_name":"Rua Cati\u00f3","street_name_short":"R. Cati\u00f3","city":"Santa Maria da Feira","state":"Aveiro","post_code":"4520-296","country":"Portugal","country_short":"PT"}},{"acf_fc_layout":"contact_form_block","title":"Cr\u00e8me Caviar Operates by Appointment","body":"Cr\u00e8me Caviar de F\u00e1tima Silva\u00a0 Xar\u00e1 Lda\r\n\r\nNif: 507879996"}]},"_links":{"self":[{"href":"https:\/\/cremecaviarshoes.com\/en\/wp-json\/wp\/v2\/pages\/3439","targetHints":{"allow":["GET"]}}],"collection":[{"href":"https:\/\/cremecaviarshoes.com\/en\/wp-json\/wp\/v2\/pages"}],"about":[{"href":"https:\/\/cremecaviarshoes.com\/en\/wp-json\/wp\/v2\/types\/page"}],"author":[{"embeddable":true,"href":"https:\/\/cremecaviarshoes.com\/en\/wp-json\/wp\/v2\/users\/3"}],"replies":[{"embeddable":true,"href":"https:\/\/cremecaviarshoes.com\/en\/wp-json\/wp\/v2\/comments?post=3439"}],"version-history":[{"count":1,"href":"https:\/\/cremecaviarshoes.com\/en\/wp-json\/wp\/v2\/pages\/3439\/revisions"}],"predecessor-version":[{"id":3440,"href":"https:\/\/cremecaviarshoes.com\/en\/wp-json\/wp\/v2\/pages\/3439\/revisions\/3440"}],"wp:attachment":[{"href":"https:\/\/cremecaviarshoes.com\/en\/wp-json\/wp\/v2\/media?parent=3439"}],"curies":[{"name":"wp","href":"https:\/\/api.w.org\/{rel}","templated":true}]}}